{"id":1887,"date":"2023-01-12T13:54:25","date_gmt":"2023-01-12T13:54:25","guid":{"rendered":"https:\/\/mydogranch.de\/?page_id=1887"},"modified":"2023-05-03T07:11:42","modified_gmt":"2023-05-03T07:11:42","slug":"blog","status":"publish","type":"page","link":"https:\/\/mydogranch.de\/start\/blog\/","title":{"rendered":"Unsere Blogbeitr\u00e4ge bei My Dog Ranch"},"content":{"rendered":"<style>.elementor-1887 .elementor-element.elementor-element-a343978:not(.elementor-motion-effects-element-type-background), .elementor-1887 .elementor-element.elementor-element-a343978 > .elementor-motion-effects-container > .elementor-motion-effects-layer{background-color:var( --e-global-color-2ba7030 );}.elementor-1887 .elementor-element.elementor-element-a343978{transition:background 0.3s, border 0.3s, border-radius 0.3s, box-shadow 0.3s;padding:20px 0px 100px 0px;}.elementor-1887 .elementor-element.elementor-element-a343978 > .elementor-background-overlay{transition:background 0.3s, border-radius 0.3s, opacity 0.3s;}.elementor-1887 .elementor-element.elementor-element-0823bd9 > .elementor-widget-wrap > .elementor-widget:not(.elementor-widget__width-auto):not(.elementor-widget__width-initial):not(:last-child):not(.elementor-absolute){margin-bottom:10px;}.elementor-1887 .elementor-element.elementor-element-0823bd9 > .elementor-element-populated{margin:0px 40px 0px 0px;--e-column-margin-right:40px;--e-column-margin-left:0px;}.elementor-1887 .elementor-element.elementor-element-dc54fae > .elementor-widget-container{margin:30px 0px 10px 0px;}.elementor-1887 .elementor-element.elementor-element-dc54fae{text-align:center;}.elementor-1887 .elementor-element.elementor-element-dc54fae .elementor-heading-title{font-family:\"Cormorant\", Sans-serif;font-size:48px;font-weight:800;line-height:1.1em;color:#000000;}.elementor-1887 .elementor-element.elementor-element-28cca17{--grid-row-gap:35px;--grid-column-gap:30px;}.elementor-1887 .elementor-element.elementor-element-28cca17 .elementor-posts-container .elementor-post__thumbnail{padding-bottom:calc( 0.66 * 100% );}.elementor-1887 .elementor-element.elementor-element-28cca17:after{content:\"0.66\";}.elementor-1887 .elementor-element.elementor-element-28cca17 .elementor-post__thumbnail__link{width:100%;}.elementor-1887 .elementor-element.elementor-element-28cca17 .elementor-post__meta-data span + span:before{content:\"\u2022\";}.elementor-1887 .elementor-element.elementor-element-28cca17 .elementor-post__text{margin-top:20px;}.elementor-1887 .elementor-element.elementor-element-28cca17 .elementor-post__badge{right:0;}.elementor-1887 .elementor-element.elementor-element-28cca17 .elementor-post__card .elementor-post__badge{margin:20px;}:root{--page-title-display:none;}@media(max-width:1024px){.elementor-1887 .elementor-element.elementor-element-a343978{padding:20px 10px 80px 10px;}.elementor-1887 .elementor-element.elementor-element-0823bd9 > .elementor-element-populated{margin:30px 0px 0px 0px;--e-column-margin-right:0px;--e-column-margin-left:0px;}}@media(max-width:767px){.elementor-1887 .elementor-element.elementor-element-dc54fae .elementor-heading-title{font-size:38px;}.elementor-1887 .elementor-element.elementor-element-28cca17 .elementor-posts-container .elementor-post__thumbnail{padding-bottom:calc( 0.5 * 100% );}.elementor-1887 .elementor-element.elementor-element-28cca17:after{content:\"0.5\";}.elementor-1887 .elementor-element.elementor-element-28cca17 .elementor-post__thumbnail__link{width:100%;}}@media(max-width:1024px) and (min-width:768px){.elementor-1887 .elementor-element.elementor-element-0823bd9{width:100%;}}\/* Start custom CSS *\/.elementor-icon-box-icon .jki {\n    padding-top: 14px;\n}\n\n#menu-menu li a {\n    color: #9a9557;\n}\n\n.navigation-wrapper .elementor-social-icon {\n    background-color: #9a9557 !important;\n}\n\n.navigation-wrapper .elementor-social-icon .fab {\n    color: #fff !important;\n}\/* End custom CSS *\/<\/style>\t\t<div data-elementor-type=\"wp-page\" data-elementor-id=\"1887\" class=\"elementor elementor-1887\">\n\t\t\t\t\t\t<section class=\"elementor-section elementor-top-section elementor-element elementor-element-a343978 elementor-reverse-tablet elementor-reverse-mobile elementor-section-boxed elementor-section-height-default elementor-section-height-default\" data-id=\"a343978\" data-element_type=\"section\" data-settings=\"{&quot;background_background&quot;:&quot;classic&quot;}\">\n\t\t\t\t\t\t<div class=\"elementor-container elementor-column-gap-no\">\n\t\t\t\t\t<div class=\"elementor-column elementor-col-100 elementor-top-column elementor-element elementor-element-0823bd9\" data-id=\"0823bd9\" data-element_type=\"column\">\n\t\t\t<div class=\"elementor-widget-wrap elementor-element-populated\">\n\t\t\t\t\t\t<div class=\"elementor-element elementor-element-dc54fae elementor-widget elementor-widget-heading\" data-id=\"dc54fae\" data-element_type=\"widget\" data-widget_type=\"heading.default\">\n\t\t\t\t<div class=\"elementor-widget-container\">\n\t\t\t\t\t<h2 class=\"elementor-heading-title elementor-size-default\">Unsere Blogbeitr\u00e4ge bei My Dog Ranch<\/h2>\t\t\t\t<\/div>\n\t\t\t\t<\/div>\n\t\t\t\t<div class=\"elementor-element elementor-element-28cca17 elementor-grid-3 elementor-grid-tablet-2 elementor-grid-mobile-1 elementor-posts--thumbnail-top elementor-posts--show-avatar elementor-card-shadow-yes elementor-posts__hover-gradient elementor-widget elementor-widget-posts\" data-id=\"28cca17\" data-element_type=\"widget\" data-settings=\"{&quot;cards_columns&quot;:&quot;3&quot;,&quot;cards_columns_tablet&quot;:&quot;2&quot;,&quot;cards_columns_mobile&quot;:&quot;1&quot;,&quot;cards_row_gap&quot;:{&quot;unit&quot;:&quot;px&quot;,&quot;size&quot;:35,&quot;sizes&quot;:[]},&quot;cards_row_gap_tablet&quot;:{&quot;unit&quot;:&quot;px&quot;,&quot;size&quot;:&quot;&quot;,&quot;sizes&quot;:[]},&quot;cards_row_gap_mobile&quot;:{&quot;unit&quot;:&quot;px&quot;,&quot;size&quot;:&quot;&quot;,&quot;sizes&quot;:[]}}\" data-widget_type=\"posts.cards\">\n\t\t\t\t<div class=\"elementor-widget-container\">\n\t\t\t\t\t\t\t<div class=\"elementor-posts-container elementor-posts elementor-posts--skin-cards elementor-grid\">\n\t\t\t\t<article class=\"elementor-post elementor-grid-item post-3557 post type-post status-publish format-standard hentry category-uncategorized tag-dass-mein-hund-nicht-gluecklich-ist tag-hundeglueck tag-wie-mache-ich-meinen-hund-gluecklich tag-woran-erkenne-ich-dass-mein-hund-nicht-gluecklich-ist\">\n\t\t\t<div class=\"elementor-post__card\">\n\t\t\t\t<div class=\"elementor-post__text\">\n\t\t\t\t<h3 class=\"elementor-post__title\">\n\t\t\t<a href=\"https:\/\/mydogranch.de\/start\/erkenne-ob-dein-hund-nicht-gluecklich-ist-bewusst\/\">\n\t\t\t\tWoran erkenne ich, dass mein Hund ungl\u00fccklich ist? Bewusst wahrnehmen\t\t\t<\/a>\n\t\t<\/h3>\n\t\t\t\t<div class=\"elementor-post__excerpt\">\n\t\t\t<p>Ein gl\u00fccklicher Hund ist f\u00fcr viele Hundehalter das Ziel und die Sorge um das Wohlergehen ihres geliebten Vierbeiners steht stets im Vordergrund. Denn genauso wie Menschen, k\u00f6nnen auch Hunde unterschiedliche Gef\u00fchlslagen haben, und es ist wichtig, die Zeichen zu erkennen, wenn sie nicht gl\u00fccklich sind. Die nonverbale Kommunikation der Hunde spielt dabei eine entscheidende Rolle, da sie uns durch ihr Verhalten und ihre K\u00f6rpersprache verraten, wie es um ihr Wohlbefinden steht.<\/p>\n\t\t<\/div>\n\t\t\n\t\t<a class=\"elementor-post__read-more\" href=\"https:\/\/mydogranch.de\/start\/erkenne-ob-dein-hund-nicht-gluecklich-ist-bewusst\/\">\n\t\t\tMehr Erfahren\t\t<\/a>\n\n\t\t\t\t<\/div>\n\t\t\t\t\t<\/div>\n\t\t<\/article>\n\t\t\t\t<article class=\"elementor-post elementor-grid-item post-3343 post type-post status-publish format-standard hentry category-uncategorized tag-aggressivitaet tag-begegnungen-der-dritten-art tag-gassigehen tag-hundebegegnungen tag-hundeverhalten\">\n\t\t\t<div class=\"elementor-post__card\">\n\t\t\t\t<div class=\"elementor-post__text\">\n\t\t\t\t<h3 class=\"elementor-post__title\">\n\t\t\t<a href=\"https:\/\/mydogranch.de\/start\/der-erfolgreiche-umgang-mit-hundebegegnungen-aggressions-oder-problemverhalten-besiegen\/\">\n\t\t\t\tDer erfolgreiche Umgang mit Hundebegegnungen &#8211; Aggressions- oder Problemverhalten besiegen!\t\t\t<\/a>\n\t\t<\/h3>\n\t\t\t\t<div class=\"elementor-post__excerpt\">\n\t\t\t<p>Der erfolgreiche Umgang mit Hundebegegnungen &#8211; Aggressions- oder Problemverhalten besiegen! Hundebegegnung auch beim verspielten Bad kann auch Konflikte erzeugen Mit My Dog Ranch beruhigt Gassi<\/p>\n\t\t<\/div>\n\t\t\n\t\t<a class=\"elementor-post__read-more\" href=\"https:\/\/mydogranch.de\/start\/der-erfolgreiche-umgang-mit-hundebegegnungen-aggressions-oder-problemverhalten-besiegen\/\">\n\t\t\tMehr Erfahren\t\t<\/a>\n\n\t\t\t\t<\/div>\n\t\t\t\t\t<\/div>\n\t\t<\/article>\n\t\t\t\t<article class=\"elementor-post elementor-grid-item post-2625 post type-post status-publish format-standard hentry category-motivation tag-glueck tag-hundetraining tag-motivation\">\n\t\t\t<div class=\"elementor-post__card\">\n\t\t\t\t<div class=\"elementor-post__text\">\n\t\t\t\t<h3 class=\"elementor-post__title\">\n\t\t\t<a href=\"https:\/\/mydogranch.de\/start\/motivation-fuer-jeden-hund\/\">\n\t\t\t\tGro\u00dfe Motivation f\u00fcr JEDEN Hund: \u201eCouch Potato\u201c, \u201eRappelkasten\u201c, \u201eMir doch egal\u201c oder \u201eEinstein\u201c Typ??\t\t\t<\/a>\n\t\t<\/h3>\n\t\t\t\t<div class=\"elementor-post__excerpt\">\n\t\t\t<p>Gro\u00dfe Motivation f\u00fcr JEDEN Hund: \u201eCouch Potato\u201c, \u201eRappelkasten\u201c, \u201eMir doch egal\u201c oder \u201e Einstein\u201c Typ?? Egal wie dein Hund auch gestrickt ist, sicherlich hast du\u00a0<\/p>\n\t\t<\/div>\n\t\t\n\t\t<a class=\"elementor-post__read-more\" href=\"https:\/\/mydogranch.de\/start\/motivation-fuer-jeden-hund\/\">\n\t\t\tMehr Erfahren\t\t<\/a>\n\n\t\t\t\t<\/div>\n\t\t\t\t\t<\/div>\n\t\t<\/article>\n\t\t\t\t<article class=\"elementor-post elementor-grid-item post-1747 post type-post status-publish format-standard hentry category-uncategorized\">\n\t\t\t<div class=\"elementor-post__card\">\n\t\t\t\t<div class=\"elementor-post__text\">\n\t\t\t\t<h3 class=\"elementor-post__title\">\n\t\t\t<a href=\"https:\/\/mydogranch.de\/start\/was-steckt-drin-in-den-kosten-fuer-die-hundeschule\/\">\n\t\t\t\tWas steckt drin in den Kosten f\u00fcr die Hundeschule?\t\t\t<\/a>\n\t\t<\/h3>\n\t\t\t\t<div class=\"elementor-post__excerpt\">\n\t\t\t<p>Was steckt drin in den Kosten f\u00fcr die Hundeschule? Hier mal ein Beispiel: \u00a0 Wenn du liest, dass ein:e Trainer:in 75 \u20ac f\u00fcr eine Stunde<\/p>\n\t\t<\/div>\n\t\t\n\t\t<a class=\"elementor-post__read-more\" href=\"https:\/\/mydogranch.de\/start\/was-steckt-drin-in-den-kosten-fuer-die-hundeschule\/\">\n\t\t\tMehr Erfahren\t\t<\/a>\n\n\t\t\t\t<\/div>\n\t\t\t\t\t<\/div>\n\t\t<\/article>\n\t\t\t\t<article class=\"elementor-post elementor-grid-item post-1740 post type-post status-publish format-standard hentry category-uncategorized\">\n\t\t\t<div class=\"elementor-post__card\">\n\t\t\t\t<div class=\"elementor-post__text\">\n\t\t\t\t<h3 class=\"elementor-post__title\">\n\t\t\t<a href=\"https:\/\/mydogranch.de\/start\/verhaltensregeln-erfolgreicher-erstkontakt-hund\/\">\n\t\t\t\tVerhaltensregeln, erfolgreicher Erstkontakt mit einem Hund\t\t\t<\/a>\n\t\t<\/h3>\n\t\t\t\t<div class=\"elementor-post__excerpt\">\n\t\t\t<p>Verhaltensregeln, erfolgreicher Erstkontakt mit einem Hund Hunde reagieren sehr sensibel auf unsere K\u00f6rpersprache und unseren Tonfall. Wenn Du nerv\u00f6s bist, bekommt Dein Hund das mit<\/p>\n\t\t<\/div>\n\t\t\n\t\t<a class=\"elementor-post__read-more\" href=\"https:\/\/mydogranch.de\/start\/verhaltensregeln-erfolgreicher-erstkontakt-hund\/\">\n\t\t\tMehr Erfahren\t\t<\/a>\n\n\t\t\t\t<\/div>\n\t\t\t\t\t<\/div>\n\t\t<\/article>\n\t\t\t\t<article class=\"elementor-post elementor-grid-item post-1730 post type-post status-publish format-standard hentry category-uncategorized\">\n\t\t\t<div class=\"elementor-post__card\">\n\t\t\t\t<div class=\"elementor-post__text\">\n\t\t\t\t<h3 class=\"elementor-post__title\">\n\t\t\t<a href=\"https:\/\/mydogranch.de\/start\/wie-hunde-erfolgreich-lernen\/\">\n\t\t\t\tWie Hunde erfolgreich lernen\t\t\t<\/a>\n\t\t<\/h3>\n\t\t\t\t<div class=\"elementor-post__excerpt\">\n\t\t\t<p>Wie Hunde lernen Hunde haben eine erstaunliche F\u00e4higkeit, neue Tricks zu lernen und auszuf\u00fchren. Das gilt besonders f\u00fcr das Training mit positiver Verst\u00e4rkung. Hunde sind<\/p>\n\t\t<\/div>\n\t\t\n\t\t<a class=\"elementor-post__read-more\" href=\"https:\/\/mydogranch.de\/start\/wie-hunde-erfolgreich-lernen\/\">\n\t\t\tMehr Erfahren\t\t<\/a>\n\n\t\t\t\t<\/div>\n\t\t\t\t\t<\/div>\n\t\t<\/article>\n\t\t\t\t<article class=\"elementor-post elementor-grid-item post-1721 post type-post status-publish format-standard hentry category-uncategorized\">\n\t\t\t<div class=\"elementor-post__card\">\n\t\t\t\t<div class=\"elementor-post__text\">\n\t\t\t\t<h3 class=\"elementor-post__title\">\n\t\t\t<a href=\"https:\/\/mydogranch.de\/start\/tipps-um-die-fitness-fuer-deinen-hund-zu-steigern\/\">\n\t\t\t\tTipps, um die Fitness f\u00fcr Deinen Hund zu steigern\t\t\t<\/a>\n\t\t<\/h3>\n\t\t\t\t<div class=\"elementor-post__excerpt\">\n\t\t\t<p>Tipps, um die Fitness f\u00fcr Deinen Hund zu steigern Tipps, um die Fitness f\u00fcr Deinen Hund zu steigern Unabh\u00e4ngig davon, ob Du deinen Hund f\u00fcr<\/p>\n\t\t<\/div>\n\t\t\n\t\t<a class=\"elementor-post__read-more\" href=\"https:\/\/mydogranch.de\/start\/tipps-um-die-fitness-fuer-deinen-hund-zu-steigern\/\">\n\t\t\tMehr Erfahren\t\t<\/a>\n\n\t\t\t\t<\/div>\n\t\t\t\t\t<\/div>\n\t\t<\/article>\n\t\t\t\t<article class=\"elementor-post elementor-grid-item post-1713 post type-post status-publish format-standard hentry category-uncategorized\">\n\t\t\t<div class=\"elementor-post__card\">\n\t\t\t\t<div class=\"elementor-post__text\">\n\t\t\t\t<h3 class=\"elementor-post__title\">\n\t\t\t<a href=\"https:\/\/mydogranch.de\/start\/stress-bei-deinem-hund\/\">\n\t\t\t\tStress bei Deinem Hund\t\t\t<\/a>\n\t\t<\/h3>\n\t\t\t\t<div class=\"elementor-post__excerpt\">\n\t\t\t<p>Stress bei Deinem Hund Stress bei Deinem Hund Stress ist eine nat\u00fcrliche und generell sinnvolle Reaktion auf etwaige Bedrohungen oder Ver\u00e4nderungen der Umwelt, die unter<\/p>\n\t\t<\/div>\n\t\t\n\t\t<a class=\"elementor-post__read-more\" href=\"https:\/\/mydogranch.de\/start\/stress-bei-deinem-hund\/\">\n\t\t\tMehr Erfahren\t\t<\/a>\n\n\t\t\t\t<\/div>\n\t\t\t\t\t<\/div>\n\t\t<\/article>\n\t\t\t\t<article class=\"elementor-post elementor-grid-item post-1702 post type-post status-publish format-standard hentry category-uncategorized\">\n\t\t\t<div class=\"elementor-post__card\">\n\t\t\t\t<div class=\"elementor-post__text\">\n\t\t\t\t<h3 class=\"elementor-post__title\">\n\t\t\t<a href=\"https:\/\/mydogranch.de\/start\/impulskontrolle-bei-hunden\/\">\n\t\t\t\tImpulskontrolle bei Hunden\t\t\t<\/a>\n\t\t<\/h3>\n\t\t\t\t<div class=\"elementor-post__excerpt\">\n\t\t\t<p>Impulskontrolle bei Hunden \u00a0 Ungeduld ist ein universeller Kampf. Jeder, der schon einmal einen Hund hatte, wei\u00df, dass er manchmal eine Herausforderung sein kann. Selbst<\/p>\n\t\t<\/div>\n\t\t\n\t\t<a class=\"elementor-post__read-more\" href=\"https:\/\/mydogranch.de\/start\/impulskontrolle-bei-hunden\/\">\n\t\t\tMehr Erfahren\t\t<\/a>\n\n\t\t\t\t<\/div>\n\t\t\t\t\t<\/div>\n\t\t<\/article>\n\t\t\t\t<article class=\"elementor-post elementor-grid-item post-1696 post type-post status-publish format-standard hentry category-uncategorized\">\n\t\t\t<div class=\"elementor-post__card\">\n\t\t\t\t<div class=\"elementor-post__text\">\n\t\t\t\t<h3 class=\"elementor-post__title\">\n\t\t\t<a href=\"https:\/\/mydogranch.de\/start\/belohnung-und-spielen\/\">\n\t\t\t\tBelohnung und Spielen\t\t\t<\/a>\n\t\t<\/h3>\n\t\t\t\t<div class=\"elementor-post__excerpt\">\n\t\t\t<p>Belohnung und Spielen \u00a0 Hunde spielen, weil sie es lieben, sich zu bewegen, herumzurennen, Dingen nachzujagen und zu sehen, was passiert, wenn sie bellen, seltsame<\/p>\n\t\t<\/div>\n\t\t\n\t\t<a class=\"elementor-post__read-more\" href=\"https:\/\/mydogranch.de\/start\/belohnung-und-spielen\/\">\n\t\t\tMehr Erfahren\t\t<\/a>\n\n\t\t\t\t<\/div>\n\t\t\t\t\t<\/div>\n\t\t<\/article>\n\t\t\t\t<article class=\"elementor-post elementor-grid-item post-1684 post type-post status-publish format-standard hentry category-uncategorized\">\n\t\t\t<div class=\"elementor-post__card\">\n\t\t\t\t<div class=\"elementor-post__text\">\n\t\t\t\t<h3 class=\"elementor-post__title\">\n\t\t\t<a href=\"https:\/\/mydogranch.de\/start\/bindung-zwischen-hund-und-mensch\/\">\n\t\t\t\tBindung zwischen Hund und Mensch\t\t\t<\/a>\n\t\t<\/h3>\n\t\t\t\t<div class=\"elementor-post__excerpt\">\n\t\t\t<p>Bindung zwischen Hund und Mensch Haben Du und Dein Hund eine gute Beziehung? St\u00e4rkst Du sie st\u00e4ndig? F\u00fcr die meisten Hundebesitzer lautet die Antwort eher<\/p>\n\t\t<\/div>\n\t\t\n\t\t<a class=\"elementor-post__read-more\" href=\"https:\/\/mydogranch.de\/start\/bindung-zwischen-hund-und-mensch\/\">\n\t\t\tMehr Erfahren\t\t<\/a>\n\n\t\t\t\t<\/div>\n\t\t\t\t\t<\/div>\n\t\t<\/article>\n\t\t\t\t<article class=\"elementor-post elementor-grid-item post-1676 post type-post status-publish format-standard hentry category-uncategorized\">\n\t\t\t<div class=\"elementor-post__card\">\n\t\t\t\t<div class=\"elementor-post__text\">\n\t\t\t\t<h3 class=\"elementor-post__title\">\n\t\t\t<a href=\"https:\/\/mydogranch.de\/start\/sozialisierung-des-welpen\/\">\n\t\t\t\tSozialisierung des Welpen\t\t\t<\/a>\n\t\t<\/h3>\n\t\t\t\t<div class=\"elementor-post__excerpt\">\n\t\t\t<p>Sozialisierung des Welpen Ein neuer Welpe ist eine der aufregendsten Erfahrungen, die man machen kann, aber auch eine der gr\u00f6\u00dften Herausforderungen. Ein neues Haustier zu<\/p>\n\t\t<\/div>\n\t\t\n\t\t<a class=\"elementor-post__read-more\" href=\"https:\/\/mydogranch.de\/start\/sozialisierung-des-welpen\/\">\n\t\t\tMehr Erfahren\t\t<\/a>\n\n\t\t\t\t<\/div>\n\t\t\t\t\t<\/div>\n\t\t<\/article>\n\t\t\t\t<article class=\"elementor-post elementor-grid-item post-1671 post type-post status-publish format-standard hentry category-uncategorized\">\n\t\t\t<div class=\"elementor-post__card\">\n\t\t\t\t<div class=\"elementor-post__text\">\n\t\t\t\t<h3 class=\"elementor-post__title\">\n\t\t\t<a href=\"https:\/\/mydogranch.de\/start\/die-stubenreinheit-bei-welpen\/\">\n\t\t\t\tDie Stubenreinheit bei Welpen\t\t\t<\/a>\n\t\t<\/h3>\n\t\t\t\t<div class=\"elementor-post__excerpt\">\n\t\t\t<p>Die Stubenreinheit bei Welpen Die Stubenreinheit Endlich ist er da Dein neuer Welpe . So s\u00fc\u00df und unschuldig so ein kleines Fellkn\u00e4uel auch aussieht, mit<\/p>\n\t\t<\/div>\n\t\t\n\t\t<a class=\"elementor-post__read-more\" href=\"https:\/\/mydogranch.de\/start\/die-stubenreinheit-bei-welpen\/\">\n\t\t\tMehr Erfahren\t\t<\/a>\n\n\t\t\t\t<\/div>\n\t\t\t\t\t<\/div>\n\t\t<\/article>\n\t\t\t\t<article class=\"elementor-post elementor-grid-item post-1651 post type-post status-publish format-standard hentry category-uncategorized\">\n\t\t\t<div class=\"elementor-post__card\">\n\t\t\t\t<div class=\"elementor-post__text\">\n\t\t\t\t<h3 class=\"elementor-post__title\">\n\t\t\t<a href=\"https:\/\/mydogranch.de\/start\/welpen-blog\/\">\n\t\t\t\tS\u00fc\u00df, s\u00fc\u00dfer am s\u00fc\u00dfesten\t\t\t<\/a>\n\t\t<\/h3>\n\t\t\t\t<div class=\"elementor-post__excerpt\">\n\t\t\t<p>S\u00fc\u00df, s\u00fc\u00dfer am s\u00fc\u00dfesten S\u00fc\u00df, s\u00fc\u00dfer am s\u00fc\u00dfesten Es gibt nur wenige Dinge, die herzerweichender sind, als\u00a0 einem Welpen dabei zuzusehen, wie er sich verliebt.<\/p>\n\t\t<\/div>\n\t\t\n\t\t<a class=\"elementor-post__read-more\" href=\"https:\/\/mydogranch.de\/start\/welpen-blog\/\">\n\t\t\tMehr Erfahren\t\t<\/a>\n\n\t\t\t\t<\/div>\n\t\t\t\t\t<\/div>\n\t\t<\/article>\n\t\t\t\t<article class=\"elementor-post elementor-grid-item post-1640 post type-post status-publish format-standard hentry category-uncategorized\">\n\t\t\t<div class=\"elementor-post__card\">\n\t\t\t\t<div class=\"elementor-post__text\">\n\t\t\t\t<h3 class=\"elementor-post__title\">\n\t\t\t<a href=\"https:\/\/mydogranch.de\/start\/ein-welpe-zieht-ein\/\">\n\t\t\t\tEin Welpe zieht ein\t\t\t<\/a>\n\t\t<\/h3>\n\t\t\t\t<div class=\"elementor-post__excerpt\">\n\t\t\t<p>Ein Welpe zieht ein Ein Welpe zieht ein Wenn Du einen neuen Welpen nach Hause bringst, wird das be\u00e4ngstigend und aufregend zugleich sein. Das kleine<\/p>\n\t\t<\/div>\n\t\t\n\t\t<a class=\"elementor-post__read-more\" href=\"https:\/\/mydogranch.de\/start\/ein-welpe-zieht-ein\/\">\n\t\t\tMehr Erfahren\t\t<\/a>\n\n\t\t\t\t<\/div>\n\t\t\t\t\t<\/div>\n\t\t<\/article>\n\t\t\t\t<article class=\"elementor-post elementor-grid-item post-1629 post type-post status-publish format-standard hentry category-uncategorized\">\n\t\t\t<div class=\"elementor-post__card\">\n\t\t\t\t<div class=\"elementor-post__text\">\n\t\t\t\t<h3 class=\"elementor-post__title\">\n\t\t\t<a href=\"https:\/\/mydogranch.de\/start\/ein-neues-familienmitglied-der-hund\/\">\n\t\t\t\tEin neues Familienmitglied &#8211; Der Hund\t\t\t<\/a>\n\t\t<\/h3>\n\t\t\t\t<div class=\"elementor-post__excerpt\">\n\t\t\t<p>Ein neues Familienmitglied &#8211; Der Hund Ein neues Familienmitglied- Der Hund Dein Hund zieht ein und nun beginnt f\u00fcr euch \u00a0ein ganz besonderer Abschnitt. Jetzt<\/p>\n\t\t<\/div>\n\t\t\n\t\t<a class=\"elementor-post__read-more\" href=\"https:\/\/mydogranch.de\/start\/ein-neues-familienmitglied-der-hund\/\">\n\t\t\tMehr Erfahren\t\t<\/a>\n\n\t\t\t\t<\/div>\n\t\t\t\t\t<\/div>\n\t\t<\/article>\n\t\t\t\t<article class=\"elementor-post elementor-grid-item post-1600 post type-post status-publish format-standard hentry category-uncategorized\">\n\t\t\t<div class=\"elementor-post__card\">\n\t\t\t\t<div class=\"elementor-post__text\">\n\t\t\t\t<h3 class=\"elementor-post__title\">\n\t\t\t<a href=\"https:\/\/mydogranch.de\/start\/hundeleine-notwendig-oder-nicht\/\">\n\t\t\t\tDie Hundeleine: Notwendigkeit oder l\u00e4stiges \u00dcbel? Frag den Experten\t\t\t<\/a>\n\t\t<\/h3>\n\t\t\t\t<div class=\"elementor-post__excerpt\">\n\t\t\t<p>Die Hundeleine: Notwendigkeit oder l\u00e4stiges \u00dcbel? Frag den Experten Was ist eine Hundeleine und wozu dient sie?\u00a0 Grunds\u00e4tzlich sollte man sich einmal die Zeit nehmen<\/p>\n\t\t<\/div>\n\t\t\n\t\t<a class=\"elementor-post__read-more\" href=\"https:\/\/mydogranch.de\/start\/hundeleine-notwendig-oder-nicht\/\">\n\t\t\tMehr Erfahren\t\t<\/a>\n\n\t\t\t\t<\/div>\n\t\t\t\t\t<\/div>\n\t\t<\/article>\n\t\t\t\t<\/div>\n\n\n\t\t\n\t\t\t\t\t\t<\/div>\n\t\t\t\t<\/div>\n\t\t\t\t\t<\/div>\n\t\t<\/div>\n\t\t\t\t\t<\/div>\n\t\t<\/section>\n\t\t\t\t<\/div>\n\t\t","protected":false},"excerpt":{"rendered":"<p>Unsere Blogbeitr\u00e4ge bei My Dog Ranch<\/p>\n","protected":false},"author":1,"featured_media":0,"parent":0,"menu_order":0,"comment_status":"closed","ping_status":"closed","template":"elementor_header_footer","meta":{"footnotes":""},"class_list":["post-1887","page","type-page","status-publish","hentry"],"_links":{"self":[{"href":"https:\/\/mydogranch.de\/start\/wp-json\/wp\/v2\/pages\/1887","targetHints":{"allow":["GET"]}}],"collection":[{"href":"https:\/\/mydogranch.de\/start\/wp-json\/wp\/v2\/pages"}],"about":[{"href":"https:\/\/mydogranch.de\/start\/wp-json\/wp\/v2\/types\/page"}],"author":[{"embeddable":true,"href":"https:\/\/mydogranch.de\/start\/wp-json\/wp\/v2\/users\/1"}],"replies":[{"embeddable":true,"href":"https:\/\/mydogranch.de\/start\/wp-json\/wp\/v2\/comments?post=1887"}],"version-history":[{"count":34,"href":"https:\/\/mydogranch.de\/start\/wp-json\/wp\/v2\/pages\/1887\/revisions"}],"predecessor-version":[{"id":3277,"href":"https:\/\/mydogranch.de\/start\/wp-json\/wp\/v2\/pages\/1887\/revisions\/3277"}],"wp:attachment":[{"href":"https:\/\/mydogranch.de\/start\/wp-json\/wp\/v2\/media?parent=1887"}],"curies":[{"name":"wp","href":"https:\/\/api.w.org\/{rel}","templated":true}]}}