{"id":858,"date":"2022-02-17T21:24:12","date_gmt":"2022-02-17T21:24:12","guid":{"rendered":"https:\/\/mydogranch.de\/?page_id=858"},"modified":"2023-11-29T08:42:32","modified_gmt":"2023-11-29T08:42:32","slug":"agb-hundeschule","status":"publish","type":"page","link":"https:\/\/mydogranch.de\/start\/agb-hundeschule\/","title":{"rendered":"AGB Hundeschule"},"content":{"rendered":"<style>.elementor-858 .elementor-element.elementor-element-a343978:not(.elementor-motion-effects-element-type-background), .elementor-858 .elementor-element.elementor-element-a343978 > .elementor-motion-effects-container > .elementor-motion-effects-layer{background-color:var( --e-global-color-2ba7030 );}.elementor-858 .elementor-element.elementor-element-a343978{transition:background 0.3s, border 0.3s, border-radius 0.3s, box-shadow 0.3s;padding:20px 0px 20px 0px;}.elementor-858 .elementor-element.elementor-element-a343978 > .elementor-background-overlay{transition:background 0.3s, border-radius 0.3s, opacity 0.3s;}.elementor-858 .elementor-element.elementor-element-0823bd9 > .elementor-widget-wrap > .elementor-widget:not(.elementor-widget__width-auto):not(.elementor-widget__width-initial):not(:last-child):not(.elementor-absolute){margin-bottom:10px;}.elementor-858 .elementor-element.elementor-element-0823bd9 > .elementor-element-populated{margin:0px 40px 0px 0px;--e-column-margin-right:40px;--e-column-margin-left:0px;}.elementor-858 .elementor-element.elementor-element-dc54fae > .elementor-widget-container{margin:30px 0px 10px 0px;}.elementor-858 .elementor-element.elementor-element-dc54fae{text-align:center;}.elementor-858 .elementor-element.elementor-element-dc54fae .elementor-heading-title{font-family:\"Cormorant\", Sans-serif;font-size:48px;font-weight:800;line-height:1.1em;color:#000000;}.elementor-858 .elementor-element.elementor-element-c27fd82{text-align:center;}.elementor-858 .elementor-element.elementor-element-c27fd82 .elementor-heading-title{font-family:\"Cormorant\", Sans-serif;font-size:25px;font-weight:800;line-height:1.1em;color:#000000;}.elementor-858 .elementor-element.elementor-element-8fa51f2{width:var( --container-widget-width, 99.909% );max-width:99.909%;--container-widget-width:99.909%;--container-widget-flex-grow:0;font-family:var( --e-global-typography-text-font-family ), Sans-serif;font-size:var( --e-global-typography-text-font-size );font-weight:var( --e-global-typography-text-font-weight );color:#000000;}.elementor-858 .elementor-element.elementor-element-8fa51f2 > .elementor-widget-container{margin:20px 0px 0px 0px;}:root{--page-title-display:none;}@media(max-width:1024px){.elementor-858 .elementor-element.elementor-element-a343978{padding:20px 10px 80px 10px;}.elementor-858 .elementor-element.elementor-element-0823bd9 > .elementor-element-populated{margin:30px 0px 0px 0px;--e-column-margin-right:0px;--e-column-margin-left:0px;}.elementor-858 .elementor-element.elementor-element-8fa51f2{font-size:var( --e-global-typography-text-font-size );}}@media(max-width:767px){.elementor-858 .elementor-element.elementor-element-dc54fae .elementor-heading-title{font-size:38px;}.elementor-858 .elementor-element.elementor-element-c27fd82 .elementor-heading-title{font-size:38px;}.elementor-858 .elementor-element.elementor-element-8fa51f2{font-size:var( --e-global-typography-text-font-size );}}@media(max-width:1024px) and (min-width:768px){.elementor-858 .elementor-element.elementor-element-0823bd9{width:100%;}}\/* Start custom CSS *\/.elementor-icon-box-icon .jki {\n    padding-top: 14px;\n}\n\n#menu-menu li a {\n    color: #9a9557;\n}\n\n.navigation-wrapper .elementor-social-icon {\n    background-color: #9a9557 !important;\n}\n\n.navigation-wrapper .elementor-social-icon .fab {\n    color: #fff !important;\n}\/* End custom CSS *\/<\/style>\t\t<div data-elementor-type=\"wp-page\" data-elementor-id=\"858\" class=\"elementor elementor-858\">\n\t\t\t\t\t\t<section class=\"elementor-section elementor-top-section elementor-element elementor-element-a343978 elementor-reverse-tablet elementor-reverse-mobile elementor-section-boxed elementor-section-height-default elementor-section-height-default\" data-id=\"a343978\" data-element_type=\"section\" data-settings=\"{&quot;background_background&quot;:&quot;classic&quot;}\">\n\t\t\t\t\t\t<div class=\"elementor-container elementor-column-gap-no\">\n\t\t\t\t\t<div class=\"elementor-column elementor-col-100 elementor-top-column elementor-element elementor-element-0823bd9\" data-id=\"0823bd9\" data-element_type=\"column\">\n\t\t\t<div class=\"elementor-widget-wrap elementor-element-populated\">\n\t\t\t\t\t\t<div class=\"elementor-element elementor-element-dc54fae elementor-widget elementor-widget-heading\" data-id=\"dc54fae\" data-element_type=\"widget\" data-widget_type=\"heading.default\">\n\t\t\t\t<div class=\"elementor-widget-container\">\n\t\t\t\t\t<h2 class=\"elementor-heading-title elementor-size-default\">Allgemeine Gesch\u00e4ftsbedingungen<\/h2>\t\t\t\t<\/div>\n\t\t\t\t<\/div>\n\t\t\t\t<div class=\"elementor-element elementor-element-c27fd82 elementor-widget elementor-widget-heading\" data-id=\"c27fd82\" data-element_type=\"widget\" data-widget_type=\"heading.default\">\n\t\t\t\t<div class=\"elementor-widget-container\">\n\t\t\t\t\t<h2 class=\"elementor-heading-title elementor-size-default\">f\u00fcr unsere Dienstleistungen (Hundeschule)<\/h2>\t\t\t\t<\/div>\n\t\t\t\t<\/div>\n\t\t\t\t<div class=\"elementor-element elementor-element-8fa51f2 elementor-widget__width-initial elementor-widget elementor-widget-text-editor\" data-id=\"8fa51f2\" data-element_type=\"widget\" data-widget_type=\"text-editor.default\">\n\t\t\t\t<div class=\"elementor-widget-container\">\n\t\t\t\t\t\t\t\t\tAllgemeine Gesch\u00e4ftsbedingungen (Stand 11.2023):\n\n<h5>\u00a71 Geltungsbereich<\/h5>\n<p>Diese Allgemeinen Gesch\u00e4ftsbedingungen (im Folgenden: AGB) gelten f\u00fcr alle \u00fcber unsere Internetseite <a href=\"https:\/\/mydogranch.de\">https:\/\/mydogranch.de<\/a> geschlossenen Vertr\u00e4ge \u00fcber Dienstleistungen zwischen der HUNDEPENSION  My Dog Ranch vertreten durch den Inhaber<\/p>\n<address>Thomas Neeb<br \/>\nRiedstra\u00dfe 7a<br \/>\nD-68649 Gro\u00df-Rohrheim<\/address><br \/>\nim Folgenden: \u201eAnbieter\u201c\n<p>und unserer Kunden im Folgenden: \u201eKunde\u201c<\/p>\n<p>Ma\u00dfgebend ist die jeweils bei Abschluss des Vertrags g\u00fcltige Fassung der AGB. Abweichende Bedingungen des Kunden haben keine G\u00fcltigkeit. Dies gilt auch dann, wenn der Anbieter nicht ausdr\u00fccklich widersprochen hat.<\/p>\n\n<h5>\u00a7 2 Begriffsbestimmungen<\/h5>\n\n<p>Die Hundepension | Hundetagesst\u00e4tte My Dog Ranch (nachfolgend: Hundepension) nimmt den Hund des\/r Hundehalters\/Halterin (nachfolgend: Halter) f\u00fcr einen vereinbarten Zeitraum in Obhut. Der Besitzer konnte die Hundepension | Hundetagesst\u00e4tte vorab kennenlernen. Der Hund wird artgerecht betreut und gepflegt.<\/p>\n<ol>\n   <li>Die Hundepension nimmt den Hund des Hundehalters f\u00fcr einen vereinbarten Zeitraum in Obhut, wobei dieser auch \u00fcber Nacht betreut wird.<\/li>\n   <li>Bei der Hundetagesbetreuung wird der Hund morgens zu einer vereinbarten Zeit innerhalb der \u00d6ffnungszeiten gebracht, und abends abgeholt.<\/li>\n<\/ol>\n\n<h5>\u00a7 3 Beratungsgespr\u00e4ch\/Buchung<\/h5>\n<ol>\n   <li>Der Hundehalter wird in einem Erstgespr\u00e4ch eingehend \u00fcber Details, Konditionen, Zeiten sowie Kosten, der My Dog Ranch Hundepension informiert.<\/li>\n   <li>Der Besuch der Hundepension ist nur nach vorheriger Terminvereinbarung m\u00f6glich.<\/li>\n   <li>Der Hundehalter muss vor der Aufnahme des Hundes alle relevanten Besonderheiten wie z.B. Verpflegung, medizinische Versorgung etc. in schriftlicher Form mitteilen.<\/li>\n   <li>Der Hundehalter tr\u00e4gt daf\u00fcr Sorge, dass erforderliche Medikamente, Halsband ggf. Pflegeutensilien usw. rechtzeitig mit der Abgabe seines Hundes zur Verf\u00fcgung gestellt werden.<\/li>\n   <li>Eine F\u00fctterung des Hundes bei Stunden- oder Tagesbetreuung, ist nicht vorgesehen.  Ist dies dennoch gew\u00fcnscht, muss dies bei Vertragsabschluss angegeben werden.<\/li>\n   <li>Der Besitzer ist verpflichtet die Hundepension \u00fcber eventuelle Verhaltensprobleme und Auff\u00e4lligkeiten seines Tieres aufzukl\u00e4ren. Bei starkem Fehlverhalten (Aggression, Angst, Zerst\u00f6rung u.\u00e4.), welches eine Unterbringung unm\u00f6glich oder unzumutbar macht, ist die Hundepension berechtigt, die Unterbringung vorzeitig abzubrechen und ggfs. weitere Aufenthalte abzusagen. Der Besitzer verpflichtet sich f\u00fcr diesen Fall, den Hund umgehend abzuholen oder durch eine bevollm\u00e4chtige Person abholen zu lassen. Ist dies nicht m\u00f6glich, ist die Hundepension berechtigt, den Hund anderweitig unterzubringen. Die zus\u00e4tzlichen Kosten sind vom Besitzer zu tragen. Auch Angst-\/Panikverhalten des Hundes k\u00f6nnen Anlass zum Abbruch des Aufenthaltes sein, sofern eine weitere Betreuung f\u00fcr den Hund unzumutbar erscheint.<\/li>\n   <li>Ein Aufenthalt des Hundes in der Hundepension ist nur mit mind. einem vorherigen Probetag und mindestens einer Probe\u00fcbernachtung m\u00f6glich.<\/li>\n   <li>Der Halter best\u00e4tigt die Vollst\u00e4ndigkeit und Richtigkeit der Informationen bez\u00fcglich seines Hundes und dass diese wahrheitsgetreu sind.<\/li>\n<\/ol>\n\n<h5>\u00a7 4 Vertragspartner\/-abschluss<\/h5>\n<ol>\n   <li>Vertragspartner sind die My Dog Ranch Hundepension und der Halter\/Eigent\u00fcmer des Hundes (im folgenden Kunde genannt). Hat ein Dritter f\u00fcr den Kunden bestellt, haftet er der Hundepension My Dog Ranch gegen\u00fcber, zusammen mit dem Kunden als Gesamtschuldner f\u00fcr alle Verpflichtungen aus dem Hundebetreuungsvertrag, sofern der My Dog Ranch eine entsprechende Erkl\u00e4rung des Dritten vorliegt.\n      Es besteht keine Verpflichtung der Hundepension, die Besitzverh\u00e4ltnisse des Hundes zu kl\u00e4ren.<\/li>\n      <li>Die Anmeldung des Hundes kann per E- Mail, telefonisch oder pers\u00f6nlich erfolgen.<\/li>\n      <li>Mit der Angebotsannahme des Kunden, best\u00e4tigt die My Dog Ranch die Anmeldung und informiert den Kunden damit schriftlich \u00fcber die Kosten sowie die gebuchten Leistungen.<\/li>\n      <li>Der Vertrag zwischen dem Hundehalter\/Kunden und der My Dog Ranch Hundepension kommt mit der Angebotsannahme des Kunden und der Zahlung des F\u00e4lligen Betrages zustande. Die Kosten der gebuchten Leistung sind im Voraus zu leisten.<\/li>\n      <li>Die Anmeldung zur Tagesbetreuung muss eine Woche vor Abgabe des Hundes erfolgen. Eine kurzfristige Anmeldung f\u00fcr die Tagesbetreuung ist NUR nach Absprache m\u00f6glich. Ein Vertrag kommt bereits mit der Best\u00e4tigung der Hundepension My Dog Ranch, den Hund am gew\u00fcnschten Tag aufzunehmen, zustande. Die Kosten der gebuchten Leistung zahlt der Kunde in bar, bei Abgabe des Hundes.<\/li>\n<\/ol>\n\n<h5>\u00a7 5 Leistungen<\/h5>\n<ol>\n   <li>Die Hundepension My Dog Ranch verpflichtet sich, die vom Kunden gebuchten R\u00e4ume bereitzuhalten, den Hund bei Abgabe in Obhut zu nehmen und die vereinbarten Leistungen zu erbringen.<\/li>\n   <li>Der Kunde ist verpflichtet, die f\u00fcr den Hund gebuchten und in Anspruch genommenen Leistungen zu den geltenden und vereinbarten Preisen der Hundepension My Dog Ranch zu zahlen. Dies gilt auch f\u00fcr vom Kunden veranlasste Leistungen und Auslagen der Hundepension My Dog Ranch an Dritte.<\/li>\n   <li>Die vereinbarten Preise schlie\u00dfen die jeweilige gesetzliche MwSt. ein.<\/li>\n   <li>Die vereinbarten Preise schlie\u00dfen die jeweilige gesetzliche Mehrwertsteuer ein. \u00dcberschreitet der Zeitraum zwischen Vertragsabschluss und Vertragserf\u00fcllung 4 Monate und erh\u00f6ht sich der von der Hundepension My Dog Ranch allgemein f\u00fcr derartige Leistungen berechnete Preis, so kann diese den vertraglich vereinbarten Preis angemessen, h\u00f6chstens jedoch um 5% anheben.<\/li>\n   <li>Die Preise k\u00f6nnen von der Hundepension My Dog Ranch ferner ge\u00e4ndert werden, wenn der Kunde nachtr\u00e4glich \u00c4nderungen der Anzahl der zu betreuenden Hunde und\/oder Zimmer, der Leistungen der Hundepension My Dog Ranch oder der Betreuungsdauer des Hundes w\u00fcnscht und die Hundepension My Dog Ranch dem zustimmt.<\/li>\n<\/ol>\n\n<h5>\u00a76 Freier Auslauf \/ Gassi Gehen<\/h5>\n<ol>\n   <li><p>W\u00e4hrend des vereinbarten Zeitraums der Hundepension gew\u00e4hrleistete My Dog Ranch dem in ihrer Obhut gegebenen Hund ausreichend betreuten Freilauf auf dem umz\u00e4unten Gel\u00e4nde. Der Hundehalter erkl\u00e4rt sich damit einverstanden, dass sein Hund w\u00e4hrend des freien Auslaufs auf dem Gel\u00e4nde ohne Leine gef\u00fchrt wird. Der Hundehalter \u00fcbernimmt die volle Haftung f\u00fcr alle Risiken, die mit dem freien Auslauf in Verbindung stehen. My Dog Ranch haftet nicht f\u00fcr Verletzungen, Sch\u00e4den oder Verluste, die w\u00e4hrend des freien Auslaufs auftreten k\u00f6nnen.<\/p>\n   <p>Der Hundehalter best\u00e4tigt, dass sein Hund sozialvertr\u00e4glich ist und mit anderen Hunden vertr\u00e4glich ist. My Dog Ranch wird darauf vertrauen, Hunde mit \u00e4hnlichem Temperament und Vertr\u00e4glichkeit zusammenzuf\u00fchren, kann jedoch keine Garantie f\u00fcr das Verhalten anderer Hunde \u00fcbernehmen.<\/p>\n   <p>Der Hundehalter erkl\u00e4rt sich damit einverstanden, dass sein Hund w\u00e4hrend des freien Auslaufs auf dem Gel\u00e4nde beaufsichtigt wird, jedoch nicht st\u00e4ndig unter direkter Aufsicht steht. My Dog Ranch wird angemessene Vorkehrungen treffen, um die Sicherheit der Hunde zu gew\u00e4hrleisten, kann jedoch nicht f\u00fcr das Verhalten anderer Hunde oder unvorhergesehene Ereignisse haftbar gemacht werden.<\/p><\/li>\n   <li><p>F\u00fcr das Gassigehen au\u00dferhalb des Gel\u00e4ndes gelten folgende: Der Hundehalter erkl\u00e4rt sich damit einverstanden, dass sein Hund w\u00e4hrend des Gassigehens au\u00dferhalb des Gel\u00e4ndes an der Leine gef\u00fchrt wird. Der Hundehalter \u00fcbernimmt die volle Verantwortung f\u00fcr alle Risiken, die mit dem Gassigehen au\u00dferhalb des Gel\u00e4ndes verbunden sind. My Dog Ranch haftet nicht f\u00fcr Verletzungen, Sch\u00e4den oder Verluste, die w\u00e4hrend des Gassigehens au\u00dferhalb des Gel\u00e4ndes auftreten k\u00f6nnen.<\/p>\n      <p>Durch die Nutzung der Dienstleistungen von My Dog Ranch erkl\u00e4rt der Hundehalter sein Einverst\u00e4ndnis mit den Bedingungen dieses \u00a76 \u201eFreier Auslauf \/ Gassi gehen\u201c und best\u00e4tigt, dass er die Haftung f\u00fcr alle damit verbundenen Risiken \u00fcbernimmt.<\/p><\/li>\n<\/ol>\n\n<h5>\u00a7 7 Impfungen, Krankheiten und Tod<\/h5>\n<ol>\n   <li>Bei Abgabe des Hundes in der Hundepension My Dog Ranch versichert der Hundehalter, dass der Hund \u00fcber einen g\u00fcltigen und aktuellen Impfschutz verf\u00fcgt, der seinem Alter entspricht. Dies beinhaltet Impfungen gegen Staupe, Hepatitis, Leptospirose, Parvovirose und Tollwut, die weniger als ein Jahr alt und mindestens 4 Wochen vor dem Aufenthalt in der Hundepension durchgef\u00fchrt wurden. Impfungen gegen Zwingerhusten sind erw\u00fcnscht. Der Hundehalter muss den g\u00fcltigen deutschen Impfausweis mit den entsprechenden Impfungen bei der Abgabe des Hundes vorlegen, der in der Hundepension aufbewahrt wird.<\/li>\n   <li>Falls der Hund, der in die Hundepension gebracht wird, nicht \u00fcber die erforderlichen Impfungen verf\u00fcgt, ist My Dog Ranch berechtigt, vom Hundepensionsvertrag zur\u00fcckzutreten oder die Impfungen auf Kosten des Hundehalters nachzuholen. Hierf\u00fcr wird eine Aufwandsentsch\u00e4digung in H\u00f6he von 50 \u20ac erhoben. Etwaige Folgesch\u00e4den durch die Impfungen gehen zu Lasten des Hundehalters. My Dog Ranch \u00fcbernimmt keinerlei Gew\u00e4hrleistung und schlie\u00dft s\u00e4mtliche Schadensersatzanspr\u00fcche aus.<\/li>\n   <li>Der Hundehalter versichert au\u00dferdem bei Abgabe des Hundes in der Hundepension My Dog Ranch, dass der Hund gesund ist, frei von Parasiten und ansteckenden Krankheiten f\u00fcr andere Personen oder Tiere. Der Hund muss innerhalb der letzten 4 Wochen eine Spot-On-Zecken-\/Flohprophylaxe erhalten haben und innerhalb der letzten 3 Monate gegen Bandw\u00fcrmer und Rundw\u00fcrmer entwurmt worden sein. Dies muss durch eine Best\u00e4tigung eines Tierarztes nachgewiesen werden. Andernfalls beh\u00e4lt sich My Dog Ranch vor, den Hund kostenpflichtig mit den entsprechenden Mitteln zu behandeln und eine Aufwandsentsch\u00e4digung in H\u00f6he von 50 \u20ac zu erheben. Etwaige Folgesch\u00e4den durch die prophylaktischen Ma\u00dfnahmen gehen zu Lasten des Hundehalters. My Dog Ranch \u00fcbernimmt keinerlei Gew\u00e4hrleistung und schlie\u00dft s\u00e4mtliche Schadensersatzanspr\u00fcche aus.<\/li>\n   <li>Der Hundehalter ist verpflichtet, bei der Buchung alle Informationen \u00fcber eine bestehende Erkrankung, chronische Erkrankungen oder Behinderungen des Hundes sowie eventuell laufende Therapien mitzuteilen. My Dog Ranch \u00fcbernimmt keine Haftung f\u00fcr kranke Hunde und deren Folgen. Sollte der Hund eine ansteckende Krankheit oder einen Parasitenbefall mitbringen, tr\u00e4gt der Hundehalter die entstehenden Kosten f\u00fcr Desinfektion und anderer Behandlung betroffener Hunde, Personen oder Tiere. Trotz aller prophylaktischen Ma\u00dfnahmen kann es in Ausnahmef\u00e4llen zu einer Ansteckung mit Parasiten kommen. In solchen F\u00e4llen \u00fcbernimmt My Dog Ranch keinerlei Haftung.<\/li>\n   <li>My Dog Ranch \u00fcbernimmt keine Garantie f\u00fcr die Gesundheit des betreuten Hundes. Der Hundehalter erkl\u00e4rt sich damit einverstanden, dass im Falle einer Erkrankung, zur Abkl\u00e4rung oder bei Unf\u00e4llen\/Verletzungen des Hundes alle erforderlichen Ma\u00dfnahmen, unabh\u00e4ngig von den Kosten, durch einen Tierarzt oder andere Dritte durchgef\u00fchrt werden sollen. My Dog Ranch ist berechtigt, einen Tierarzt oder eine andere Person ihrer Wahl mit der Behandlung zu beauftragen. Die entstehenden Kosten tr\u00e4gt der Hundehalter in vollem Umfang.<\/li>\n   <li>Im Falle des Todes eines Hundes aufgrund von Krankheit, Unfall usw. Au\u00dfer bei Vorsatz oder grober Fahrl\u00e4ssigkeit kann kein Schadensersatz verlangt werden. In anderen F\u00e4llen ist der Schadensersatz auf 1.000.000 \u20ac begrenzt. Auf Wunsch kann My Dog Ranch einen Tierarzt nach Wahl des Hundehalters beauftragen, um die Todesursache festzustellen. Die entstehenden Kosten tr\u00e4gt der Hundehalter vollst\u00e4ndig.<\/li>\n<\/ol>\n\n<h5>\u00a7 8 L\u00e4ufige H\u00fcndin<\/h5>\n\n<p>Der Hundehalter hat die Verpflichtung, die Hundepension dar\u00fcber zu informieren, ob sein Hund l\u00e4ufig ist oder w\u00e4hrend des Aufenthalts l\u00e4ufig wird. Wenn der Hundehalter eine l\u00e4ufige H\u00fcndin in die Hundepension bringt oder eine H\u00fcndin, die w\u00e4hrend des Aufenthalts l\u00e4ufig wird, und dies der Hundepension My Dog Ranch verschweigt, \u00fcbernimmt die Hundepension keine Haftung f\u00fcr die daraus resultierenden Folgen, wie zum Beispiel die Deckung der H\u00fcndin w\u00e4hrend der Zeit in der Hundepension. Die entstehenden Kosten tr\u00e4gt allein der Hundehalter.<\/p>\n\n<h5>\u00a7 9 Haftung<\/h5>\n<ol>\n   <li>Der Hundehalter best\u00e4tigt, dass der Hund, der in die Betreuung gegeben wird, sein Eigentum ist und eine g\u00fcltige Haftpflichtversicherung besteht. Eine aktuelle Best\u00e4tigung der Versicherung muss bei der Abgabe des Hundes hinterlegt werden.<\/li>\n   <li>Die Aufnahme des Hundes in die Betreuung der Hundepension My Dog Ranch erfolgt auf eigenes Risiko des Hundehalters. Der Hundehalter haftet f\u00fcr alle Personen-, Sach- oder Verm\u00f6genssch\u00e4den, die durch den betreuten Hund verursacht werden.<\/li>\n   <li>Die Hundepension My Dog Ranch \u00fcbernimmt keine Haftung f\u00fcr mitgebrachte Gegenst\u00e4nde des Hundehalters wie K\u00f6rbe, Decken, Boxen, Spielzeug, Leinen usw.<\/li>\n<\/ol>\n\n<h5>\u00a7 10 Vorzeitige Abholung<\/h5>\n\n<p>Der Hundehalter ist verpflichtet, eine Kontaktperson anzugeben, die jederzeit von der Hundepension My Dog Ranch kontaktiert werden kann. Die Hundepension wird dem Hundehalter oder der Kontaktperson umgehend mitgeteilt, wenn der Hund gesundheitliche oder psychische St\u00f6rungen aufweist oder Schwierigkeiten bei der Eingew\u00f6hnung zeigt, die \u00fcber das normale Ma\u00df hinausgehen. Ebenso wird der Hundehalter oder die Kontaktperson darauf hingewiesen, wenn der betreute Hund in der Hundepension aggressives oder \u00e4ngstliches Verhalten zeigt, dass eine sichere F\u00fchrung unm\u00f6glich macht. In solchen F\u00e4llen ist der Hundehalter daf\u00fcr verantwortlich, dass der Hund entweder von ihm selbst oder von der Kontaktperson gegebenenfalls abgeholt wird.<\/p>\n\n<h5>\u00a7 11 Nichtabholung\/Tierheim<\/h5>\n\n<p>Der Hundehalter ist verpflichtet, seinen Hund unverz\u00fcglich nach Ablauf des vereinbarten Aufenthalts in der Hundepension abzuholen. Wenn der Hund nicht abgeholt wird, wird er nach 10 Tagen in ein von der Hundepension ausgew\u00e4hltes Tierheim gebracht. Die entstehenden Kosten werden dem Hundehalter in Rechnung gestellt. In der Zwischenzeit verl\u00e4ngert sich der Vertrag automatisch um 10 Tage ab dem vereinbarten Abholdatum. F\u00fcr jeden zus\u00e4tzlichen Tag ist der entsprechende Tagespreis zu entrichten. Die Hundepension My Dog Ranch beh\u00e4lt sich das Recht vor, den Hund anderweitig unterzubringen, sofern die Hundepension nach Ablauf der vereinbarten Betreuungszeit ausgelastet ist.<\/p>\n\n<h5>\u00a7 12 Bring- und Abholzeiten<\/h5>\n<ol>\n   <li>Die Hunde, die in die Hundepension gebracht werden, k\u00f6nnen von Montag bis Sonntag jeweils zwischen 06:30 und 09:30 Uhr sowie zwischen 14:30 und 19:30 Uhr gebracht und abgeholt werden.<\/li>\n   <li>Die Hunde, die zur Tagesbetreuung kommen, k\u00f6nnen von Montag bis Freitag jeweils zwischen 6:30 und 9:30 Uhr sowie zwischen 14:30 und 19:30 Uhr gebracht und abgeholt werden. Andere Bring- und Abholzeiten, einschlie\u00dflich Samstag, Sonntag und Feiertage, sind nur nach vorheriger Vereinbarung m\u00f6glich.<\/li>\n   <li>Falls der Hundehalter die vereinbarte Abholzeit nicht einhalten kann, beh\u00e4lt sich die Hundepension My Dog Ranch das Recht vor, den betreuten Hund in einer Notpension unterzubringen. In diesem Fall ist eine Abholung erst ab 8:00 Uhr am n\u00e4chsten Tag m\u00f6glich. Die Kosten f\u00fcr die Notpension tr\u00e4gt der Hundehalter in vollem Umfang.<\/li>\n<\/ol>\n\n<h5>\u00a7 13 Preise<\/h5>\n<ol>\n   <li>Der Hundehalter ist verpflichtet, den im Betreuungsvertrag festgelegten Preis in Euro zu zahlen.<\/li>\n   <li>Der Preis f\u00fcr die Hundepension oder die Tagesbetreuung wird im Voraus entrichtet und kann bar oder nach Absprache per \u00dcberweisung auf das folgende Konto ausgezahlt werden:\n      <p>Bank: VR Bank Ried-\u00dcberwald eG<br \/>\n      IBAN: DE 74 5096 1206 0001 2029 28<br \/>\n      Kontoinhaber: Thomas Neeb<\/p>\n   <\/li>\n   <li>Zus\u00e4tzliche Leistungen wie die Notpension, Eine Verl\u00e4ngerung der Betreuungszeit oder Tierarztbesuche sind bei Abholung bar zu bezahlen. Falls der Hundehalter seiner Zahlungspflicht nicht nachkommt, beh\u00e4lt sich die Hundepension My Dog Ranch das Recht vor, den Hund so lange zur\u00fcckzubehalten, bis der Hundehalter den festgelegten Preis beglichen hat. Die dadurch entstehenden Mehrkosten tr\u00e4gt der Hundehalter.<\/li>\n<\/ol>\n\n<h5>\u00a7 14 Stornierung\/Reduzierung der Leistung<\/h5>\n<ol>\n   <li>Reservierungen des Vertragspartners sind f\u00fcr beide Parteien verbindlich. Im Falle einer Stornierung oder Reduzierung durch den Kunden ist folgender Schadensersatz pro Hund und Aufenthalt zu leisten:\n      <ol type=\"a\">\n         <li>Kein Schadensersatz, wenn die schriftliche Stornierung oder Reduzierung von My Dog Ranch mehr als 8 Wochen vor der vereinbarten Abgabefrist erreicht ist.<\/li>\n         <li>Schadensersatz in H\u00f6he von 50 % des Wertes der bestellten Leistungen, wenn die schriftliche Stornierung oder Reduzierung von My Dog Ranch zwischen 4 und 8 Wochen vor dem vereinbarten Abgabetermin erreicht ist.<\/li>\n         <li>Schadensersatz in H\u00f6he von 100 % des Wertes der bestellten Leistungen, wenn die schriftliche Stornierung oder Reduzierung weniger als 4 Wochen vor dem vereinbarten Abgabetermin erreicht ist.<\/li>\n      <\/ol>\n   <\/li>\n<\/ol>\n\n<h5>\u00a7 15 Betriebsgel\u00e4nde<\/h5>\n\n<p>Der Kunde verpflichtet sich, ausschlie\u00dflich den halb\u00f6ffentlichen Bereich des Gel\u00e4ndes zu betreten. Es ist obligatorisch, dass alle Hunde beim Betreten des Betriebsgel\u00e4ndes der Hundeschule und Hundepension My Dog Ranch angeleint sind. Ohne ausdr\u00fcckliche Zustimmung oder Aufforderung ist der Zugang zum \u00fcbrigen gel\u00e4nde, einschlie\u00dflich der Freifl\u00e4chen, nicht gestattet und erfolgt auf eigenes Risiko. Die Nutzung der PKW-Parkpl\u00e4tze erfolgt auf eigenes Risiko.<\/p>\n\n<h5>\u00a7 16 Kundendaten<\/h5>\n\n<p>Der Kunde stimmt zu, dass die erhobenen personenbezogenen und sachbezogenen Daten in die Kundendatenbank aufgenommen werden. Diese Daten werden ausschlie\u00dflich f\u00fcr die professionelle Tierbetreuung verwendet und nicht an Dritte weitergegeben. Die Hundepension My Dog Ranch beh\u00e4lt sich das Recht vor, w\u00e4hrend der Betreuung Fotos oder Videos aufzunehmen. Der Hundehalter des betreuten Hundes erkl\u00e4rt sich damit einverstanden, dass diese Materialien von der Hundepension auf der Website und anderen Medien ver\u00f6ffentlicht werden k\u00f6nnen.<\/p>\n\n<h5>\u00a7 17 Ablehnungsrecht<\/h5>\n\n<p>Die Hundepension My Dog Ranch beh\u00e4lt sich das Recht vor, Anfragen und Auftr\u00e4ge jeglicher Art ohne Angabe von Gr\u00fcnden abzulehnen.<\/p>\n\n\t\t\t\t\t\t\t\t<\/div>\n\t\t\t\t<\/div>\n\t\t\t\t\t<\/div>\n\t\t<\/div>\n\t\t\t\t\t<\/div>\n\t\t<\/section>\n\t\t\t\t<\/div>\n\t\t","protected":false},"excerpt":{"rendered":"<p>Allgemeine Gesch\u00e4ftsbedingungen f\u00fcr unsere Dienstleistungen (Hundeschule) Allgemeine Gesch\u00e4ftsbedingungen (Stand 11.2023): \u00a71 Geltungsbereich Diese Allgemeinen Gesch\u00e4ftsbedingungen (im Folgenden: AGB) gelten f\u00fcr alle \u00fcber unsere Internetseite https:\/\/mydogranch.de geschlossenen Vertr\u00e4ge \u00fcber Dienstleistungen zwischen der HUNDEPENSION My Dog Ranch vertreten durch den Inhaber Thomas Neeb Riedstra\u00dfe 7a D-68649 Gro\u00df-Rohrheim im Folgenden: \u201eAnbieter\u201c und unserer Kunden im Folgenden: \u201eKunde\u201c Ma\u00dfgebend [&hellip;]<\/p>\n","protected":false},"author":1,"featured_media":0,"parent":0,"menu_order":0,"comment_status":"closed","ping_status":"closed","template":"elementor_header_footer","meta":{"footnotes":""},"class_list":["post-858","page","type-page","status-publish","hentry"],"_links":{"self":[{"href":"https:\/\/mydogranch.de\/start\/wp-json\/wp\/v2\/pages\/858","targetHints":{"allow":["GET"]}}],"collection":[{"href":"https:\/\/mydogranch.de\/start\/wp-json\/wp\/v2\/pages"}],"about":[{"href":"https:\/\/mydogranch.de\/start\/wp-json\/wp\/v2\/types\/page"}],"author":[{"embeddable":true,"href":"https:\/\/mydogranch.de\/start\/wp-json\/wp\/v2\/users\/1"}],"replies":[{"embeddable":true,"href":"https:\/\/mydogranch.de\/start\/wp-json\/wp\/v2\/comments?post=858"}],"version-history":[{"count":22,"href":"https:\/\/mydogranch.de\/start\/wp-json\/wp\/v2\/pages\/858\/revisions"}],"predecessor-version":[{"id":4189,"href":"https:\/\/mydogranch.de\/start\/wp-json\/wp\/v2\/pages\/858\/revisions\/4189"}],"wp:attachment":[{"href":"https:\/\/mydogranch.de\/start\/wp-json\/wp\/v2\/media?parent=858"}],"curies":[{"name":"wp","href":"https:\/\/api.w.org\/{rel}","templated":true}]}}